{"id":258,"date":"2020-02-03T19:14:52","date_gmt":"2020-02-03T18:14:52","guid":{"rendered":"https:\/\/cse-cdfoodsfrance.fr\/index.php\/log-in\/"},"modified":"2021-06-11T11:25:15","modified_gmt":"2021-06-11T09:25:15","slug":"log-in","status":"publish","type":"page","link":"https:\/\/cse-cdfoodsfrance.fr\/index.php\/log-in\/","title":{"rendered":"Log In"},"content":{"rendered":"Vous devez \u00eatre connect\u00e9 pour voir ce contenu.","protected":false},"excerpt":{"rendered":"Vous devez \u00eatre connect\u00e9 pour voir ce contenu.","protected":false},"author":1,"featured_media":0,"parent":0,"menu_order":0,"comment_status":"closed","ping_status":"closed","template":"","meta":{"footnotes":""},"class_list":["post-258","page","type-page","status-publish","hentry"],"_links":{"self":[{"href":"https:\/\/cse-cdfoodsfrance.fr\/index.php\/wp-json\/wp\/v2\/pages\/258","targetHints":{"allow":["GET"]}}],"collection":[{"href":"https:\/\/cse-cdfoodsfrance.fr\/index.php\/wp-json\/wp\/v2\/pages"}],"about":[{"href":"https:\/\/cse-cdfoodsfrance.fr\/index.php\/wp-json\/wp\/v2\/types\/page"}],"author":[{"embeddable":true,"href":"https:\/\/cse-cdfoodsfrance.fr\/index.php\/wp-json\/wp\/v2\/users\/1"}],"replies":[{"embeddable":true,"href":"https:\/\/cse-cdfoodsfrance.fr\/index.php\/wp-json\/wp\/v2\/comments?post=258"}],"version-history":[{"count":0,"href":"https:\/\/cse-cdfoodsfrance.fr\/index.php\/wp-json\/wp\/v2\/pages\/258\/revisions"}],"wp:attachment":[{"href":"https:\/\/cse-cdfoodsfrance.fr\/index.php\/wp-json\/wp\/v2\/media?parent=258"}],"curies":[{"name":"wp","href":"https:\/\/api.w.org\/{rel}","templated":true}]}}