{"id":3923,"date":"2021-03-01T11:58:22","date_gmt":"2021-03-01T10:58:22","guid":{"rendered":"https:\/\/cse-cdfoodsfrance.fr\/?page_id=3923"},"modified":"2022-09-09T13:37:49","modified_gmt":"2022-09-09T11:37:49","slug":"locations-reservations","status":"publish","type":"page","link":"https:\/\/cse-cdfoodsfrance.fr\/index.php\/locations-reservations\/","title":{"rendered":"Locations &#8211; r\u00e9servations"},"content":{"rendered":"Vous devez \u00eatre connect\u00e9 pour voir ce contenu.","protected":false},"excerpt":{"rendered":"Vous devez \u00eatre connect\u00e9 pour voir ce contenu.","protected":false},"author":1,"featured_media":0,"parent":0,"menu_order":0,"comment_status":"closed","ping_status":"closed","template":"","meta":{"footnotes":""},"class_list":["post-3923","page","type-page","status-publish","hentry"],"_links":{"self":[{"href":"https:\/\/cse-cdfoodsfrance.fr\/index.php\/wp-json\/wp\/v2\/pages\/3923","targetHints":{"allow":["GET"]}}],"collection":[{"href":"https:\/\/cse-cdfoodsfrance.fr\/index.php\/wp-json\/wp\/v2\/pages"}],"about":[{"href":"https:\/\/cse-cdfoodsfrance.fr\/index.php\/wp-json\/wp\/v2\/types\/page"}],"author":[{"embeddable":true,"href":"https:\/\/cse-cdfoodsfrance.fr\/index.php\/wp-json\/wp\/v2\/users\/1"}],"replies":[{"embeddable":true,"href":"https:\/\/cse-cdfoodsfrance.fr\/index.php\/wp-json\/wp\/v2\/comments?post=3923"}],"version-history":[{"count":14,"href":"https:\/\/cse-cdfoodsfrance.fr\/index.php\/wp-json\/wp\/v2\/pages\/3923\/revisions"}],"predecessor-version":[{"id":5028,"href":"https:\/\/cse-cdfoodsfrance.fr\/index.php\/wp-json\/wp\/v2\/pages\/3923\/revisions\/5028"}],"wp:attachment":[{"href":"https:\/\/cse-cdfoodsfrance.fr\/index.php\/wp-json\/wp\/v2\/media?parent=3923"}],"curies":[{"name":"wp","href":"https:\/\/api.w.org\/{rel}","templated":true}]}}